{"id":39,"date":"2021-09-23T14:27:35","date_gmt":"2021-09-23T12:27:35","guid":{"rendered":"http:\/\/zlobek-zielonyzakatek.olawa.eu\/?page_id=39"},"modified":"2023-02-24T16:48:20","modified_gmt":"2023-02-24T15:48:20","slug":"39-2","status":"publish","type":"page","link":"https:\/\/zlobek-zielonyzakatek.olawa.eu\/","title":{"rendered":"Strona g\u0142\u00f3wna"},"content":{"rendered":"\n<h2>\n\t\tNasze Artyku\u0142y\n\t<\/h2>\n\t<section id=\"blog\">\n        <div id=\"ajax-load-more\" class=\"ajax-load-more-wrap default\" data-id=\"9464228092\" data-alm-id=\"\" data-canonical-url=\"https:\/\/zlobek-zielonyzakatek.olawa.eu\/\" data-slug=\"39-2\" data-post-id=\"39\"  data-localized=\"ajax_load_more_9464228092_vars\" data-alm-object=\"ajax_load_more_9464228092\"><div aria-live=\"polite\" aria-atomic=\"true\" class=\"alm-listing alm-ajax section-content col-3\" data-container-type=\"div\" data-loading-style=\"default\" data-repeater=\"default\" data-post-type=\"post\" data-order=\"DESC\" data-orderby=\"date\" data-offset=\"0\" data-posts-per-page=\"6\" data-button-label=\"Wczytaj wi\u0119cej\"><\/div><div class=\"alm-btn-wrap\" data-rel=\"ajax-load-more\"><button class=\"alm-load-more-btn more \" type=\"button\">Wczytaj wi\u0119cej<\/button><\/div><\/div>\n    <\/section>\n\t<section id=\"<?php echo esc_attr( $section['id'] ); ?>&#8222;>\n<strong>Dyrektor \u017b\u0142obka Miejskiego &#8222;Zielony Zak\u0105tek&#8221; poszukuje osoby na stanowisko piel\u0119gniarki od wrze\u015bnia 2022 r. poni\u017cej wi\u0119cej informacji do pobrania:<\/strong>\n\n<p>Zg\u0142oszenia b\u0119d\u0105 przyjmowane do 29.08.2022 r. do godziny 15:30 w \u017b\u0142obku Miejskim &#8222;Zielony Zak\u0105tek&#8221;.<\/p>\n<p>&nbsp;<\/p>\n<p>&nbsp;<\/p>\n<\/section>\n","protected":false},"excerpt":{"rendered":"<p>Nasze Artyku\u0142y<\/p>\n","protected":false},"author":3,"featured_media":0,"parent":0,"menu_order":0,"comment_status":"closed","ping_status":"closed","template":"","meta":{"footnotes":""},"class_list":["post-39","page","type-page","status-publish","hentry"],"_links":{"self":[{"href":"https:\/\/zlobek-zielonyzakatek.olawa.eu\/index.php\/wp-json\/wp\/v2\/pages\/39","targetHints":{"allow":["GET"]}}],"collection":[{"href":"https:\/\/zlobek-zielonyzakatek.olawa.eu\/index.php\/wp-json\/wp\/v2\/pages"}],"about":[{"href":"https:\/\/zlobek-zielonyzakatek.olawa.eu\/index.php\/wp-json\/wp\/v2\/types\/page"}],"author":[{"embeddable":true,"href":"https:\/\/zlobek-zielonyzakatek.olawa.eu\/index.php\/wp-json\/wp\/v2\/users\/3"}],"replies":[{"embeddable":true,"href":"https:\/\/zlobek-zielonyzakatek.olawa.eu\/index.php\/wp-json\/wp\/v2\/comments?post=39"}],"version-history":[{"count":51,"href":"https:\/\/zlobek-zielonyzakatek.olawa.eu\/index.php\/wp-json\/wp\/v2\/pages\/39\/revisions"}],"predecessor-version":[{"id":502,"href":"https:\/\/zlobek-zielonyzakatek.olawa.eu\/index.php\/wp-json\/wp\/v2\/pages\/39\/revisions\/502"}],"wp:attachment":[{"href":"https:\/\/zlobek-zielonyzakatek.olawa.eu\/index.php\/wp-json\/wp\/v2\/media?parent=39"}],"curies":[{"name":"wp","href":"https:\/\/api.w.org\/{rel}","templated":true}]}}