{"id":125,"date":"2021-09-27T11:29:26","date_gmt":"2021-09-27T09:29:26","guid":{"rendered":"http:\/\/zlobek-zielonyzakatek.olawa.eu\/?page_id=125"},"modified":"2024-02-26T10:28:39","modified_gmt":"2024-02-26T09:28:39","slug":"dla-rodzicow","status":"publish","type":"page","link":"https:\/\/zlobek-zielonyzakatek.olawa.eu\/index.php\/dla-rodzicow\/","title":{"rendered":"Dla Rodzic\u00f3w"},"content":{"rendered":"\n\n\t\t\t\t<img loading=\"lazy\" decoding=\"async\" src=\"https:\/\/zlobek-zielonyzakatek.olawa.eu\/wp-content\/uploads\/2022\/01\/FE_PR-DS-UE_EFS-poziom-PL-kolor-1024x142-1.jpg\" alt=\"FE_PR-DS-UE_EFS-poziom-PL-kolor-1024x142\" itemprop=\"image\" height=\"142\" width=\"1024\" title=\"FE_PR-DS-UE_EFS-poziom-PL-kolor-1024x142\" onerror=\"this.style.display='none'\"  \/>\n\t\n\n<p>&nbsp;<\/p>\n<p>&nbsp;<\/p>\n\t\n\t\n\n\n<p>kt\u00f3re odb\u0119dzie si\u0119 dnia:<\/p>\n<p><a name=\"_Hlk94103465\"><\/a><a name=\"_Hlk94100843\"><\/a> <b>01.08.2023 r. (wtorek) o godz. 16:30<\/b><b> <\/b>&#8211; spotkanie\u00a0<u><b>stacjonarne<\/b><\/u> w budynku \u017c\u0142obka dla rodzic\u00f3w dzieci z nowych grup I i II\u00a0<\/p>\n<p>&nbsp;<\/p>\n<p>&nbsp;<\/p>\n<p><b>02.08.2023 r. (\u015broda) o godz. 16:30<\/b><b> <\/b>&#8211; spotkanie <u><b>stacjonarne<\/b><\/u> w budynku \u017c\u0142obka dla rodzic\u00f3w dzieci z nowych grup III i IV ( obecnie grupa I i II)<\/p>\n<p>&nbsp;<\/p>\n\n\n<p>&nbsp;<\/p>\n\t\n\n\n\n<p>kt\u00f3re odb\u0119dzie si\u0119 dnia:<\/p>\n<ul>\n<li><a name=\"_Hlk94103465\"><\/a><a name=\"_Hlk94100843\"><\/a> <b>01.03.2023 r. (\u015broda) o godz. 16:30<\/b><b> <\/b>&#8211; spotkanie <u><b>on-line<\/b><\/u><\/li>\n<\/ul>\n\n<ul>\n<li><b>02.03.2023 r. (czwartek) o godz. 16:30<\/b><b> <\/b>&#8211; spotkanie <u><b>stacjonarne<\/b><\/u> w budynku \u017c\u0142obka<\/li>\n<\/ul>\n\t\nLink zostanie r\u00f3wnie\u017c wys\u0142any na adres e-mailowy podany w formularzu zg\u0142oszeniowym do projektu.\n\n\n\n<b>Biuro Projektu: Urz\u0105d Miejski w O\u0142awie, <\/b>Rynek 1 &#8211; Ratusz, pok. 126\nTelefon: 71\/301-10-15, e-mail: efs@zlobek-zielonyzakatek.olawa.eu, https:\/\/zlobek-zielonyzakatek.olawa.eu\/\n\n\t\n\n\n<ul>\n<li>\n\n<\/li>\n<\/ul>\n\n\n<ol>\n<li>\n Zachowanie bezpiecznej odleg\u0142o\u015bci.\n<\/li>\n<li>\n Na zebraniu mo\u017ce by\u0107 obecny tylko jeden rodzic\/opiekun prawny (prosz\u0119 o przyj\u015bcie bez dzieci).\n\n<\/li>\n<\/ol>\nSerdecznie zapraszamy !\nDyrektor i Kadra \u017b\u0142obka \u201eZielony Zak\u0105tek&#8221;\n<p>&nbsp;<\/p>\n\t\n\n\n<ul>\n<li>\n\n<\/li>\n<\/ul>\n\n\n<ol>\n<li>\n Zachowanie bezpiecznej odleg\u0142o\u015bci.\n<\/li>\n<li>\n Na zebraniu mo\u017ce by\u0107 obecny tylko jeden rodzic\/opiekun prawny (prosz\u0119 o przyj\u015bcie bez dzieci).\n\n<\/li>\n<\/ol>\nSerdecznie zapraszamy !\nDyrektor i Kadra \u017b\u0142obka \u201eZielony Zak\u0105tek&#8221;\n<p>&nbsp;<\/p>\n\t\n\n\n\n<ul>\n<li>\n\n<\/li>\n<li>\n\n<\/li>\n<\/ul>\n\n\n<ol>\n<li>\n Zachowanie bezpiecznej odleg\u0142o\u015bci.\n<\/li>\n<li>\nPodczas zebrania nale\u017cy mie\u0107 za\u0142o\u017con\u0105 maseczk\u0119 ochronn\u0105.\n<\/li>\n<li>\n Na zebraniu mo\u017ce by\u0107 obecny tylko jeden rodzic\/opiekun prawny.\n\n<\/li>\n<\/ol>\nSerdecznie zapraszamy !\nDyrektor i Kadra \u017b\u0142obka \u201eZielony Zak\u0105tek&#8221;\n<p>&nbsp;<\/p>\n\t\t\t\t<img loading=\"lazy\" decoding=\"async\" src=\"https:\/\/zlobek-zielonyzakatek.olawa.eu\/wp-content\/uploads\/2022\/01\/Obraz1-1-1024x511.jpg\" alt=\"Obraz1\" itemprop=\"image\" height=\"319\" width=\"640\" title=\"Obraz1\" onerror=\"this.style.display='none'\"  \/>\n\t\n<p>Serdecznie zapraszamy mieszka\u0144c\u00f3w O\u0142awy \u00a0\u00a0\u00a0\u00a0\u00a0\u00a0\u00a0\u00a0\u00a0\u00a0\u00a0\u00a0\u00a0zainteresowanych umieszczeniem dziecka w \u017c\u0142obku w zwi\u0105zku z realizacj\u0105 projektu pt.<strong>\u00a0<em>\u201eZielony zak\u0105tek&#8221; &#8211; \u017c\u0142obek miejski szans\u0105 na aktywizacj\u0119 zawodow\u0105 mieszka\u0144c\u00f3w O\u0142awy\u00a0\u00a0<\/em><\/strong>na<strong>\u00a0spotkania informacyjne,\u00a0<\/strong>kt\u00f3re odb\u0119d\u0105 si\u0119 w dniach:<\/p>\n\t<ul>\n<li>\n<ul>\n<li>\n<ul>\n<li>\n<ul>\n<li>\n<ul>\n<li>\n<ul>\n<li><strong>02.02.2022 <\/strong><strong>r. (\u015broda) o godz. 17<\/strong><strong><sup>00<\/sup><\/strong> &#8211; spotkanie <strong><u>on-line<\/u><\/strong><\/li>\n<li><strong>09.02.2022 r. (\u015broda) o godz. 17<sup>00<\/sup> <\/strong>&#8211; spotkanie <strong><u>stacjonarne<\/u><\/strong> w Sali Rycerskiej Urz\u0119du Miejskiego w O\u0142awie pl. Zamkowy 15; II pi\u0119tro, pok\u00f3j nr 29<\/li>\n<\/ul>\n<\/li>\n<\/ul>\n<\/li>\n<\/ul>\n<\/li>\n<\/ul>\n<\/li>\n<\/ul>\n<\/li>\n<\/ul>\n\t<p>Spotkania s\u0105 otwarte dla wszystkich zainteresowanych os\u00f3b. Z uwagi na aktualn\u0105 sytuacj\u0119 epidemiologiczn\u0105 wyst\u0119puj\u0105c\u0105 w kraju, <strong>wymagane s\u0105 wcze\u015bniejsze zapisy, a w spotkaniu stacjonarnym mo\u017ce uczestniczy\u0107 tylko jeden rodzic\/opiekun prawny dziecka<\/strong>. Ch\u0119\u0107 udzia\u0142u w spotkaniu on-line jak i stacjonarnym nale\u017cy zg\u0142osi\u0107 poprzez <strong>wype\u0142nienie formularza elektronicznego<\/strong> dost\u0119pnego na stronie <a href=\"https:\/\/zlobek-spotkanie.webankieta.pl\/\">https:\/\/zlobek-spotkanie.webankieta.pl\/<\/a> lub w przypadku braku takiej mo\u017cliwo\u015bci <strong>telefonicznie <\/strong>w Biurze Projektu pod numer telefonu 71\/301-10-15. Link do spotkania on-line zostanie wys\u0142any na adres e-mailowy podany w formularzu zg\u0142oszeniowym.<\/p>\n\t\n\n\t\t\t\t<img loading=\"lazy\" decoding=\"async\" src=\"https:\/\/zlobek-zielonyzakatek.olawa.eu\/wp-content\/uploads\/2022\/01\/koniczynka.png\" alt=\"koniczynka\" itemprop=\"image\" height=\"72\" width=\"72\" title=\"koniczynka\" onerror=\"this.style.display='none'\"  \/>\n\t\n\n<ol>\n<li>Informacja na temat projektu pt. <em>\u201eZielony zak\u0105tek -\u017c\u0142obek miejski szans\u0105 na aktywizacj\u0119 zawodow\u0105 mieszka\u0144c\u00f3w O\u0142awy<\/em><\/li>\n<li>Om\u00f3wienie kryteri\u00f3w uczestnictwa w projekcie<\/li>\n<li>Om\u00f3wienie zasad rekrutacji do \u017c\u0142obka (terminy rekrutacji, spos\u00f3b z\u0142o\u017cenia dokument\u00f3w, wymagane dokumenty)<\/li>\n<li>Uprawnienia i obowi\u0105zki uczestnik\u00f3w projektu<\/li>\n<\/ol>\n\t\n<ol>\n<li>Informacja na temat funkcjonowania \u017c\u0142obka (statut, regulamin, cele i zadania przedszkola).<\/li>\n<li>Organizacja \u017c\u0142obka (warunki lokalowe, kadra, ramowy rozk\u0142ad dnia itd.).<\/li>\n<li>Oferta edukacyjna \u017c\u0142obka.<\/li>\n<li>Podsumowanie i pytania rodzic\u00f3w<\/li>\n<\/ol>\n\t\t\t\t<img loading=\"lazy\" decoding=\"async\" src=\"https:\/\/zlobek-zielonyzakatek.olawa.eu\/wp-content\/uploads\/2022\/01\/images.png\" alt=\"images\" itemprop=\"image\" height=\"238\" width=\"212\" title=\"images\" onerror=\"this.style.display='none'\"  \/>\n\n","protected":false},"excerpt":{"rendered":"<p>&nbsp; &nbsp; kt\u00f3re odb\u0119dzie si\u0119 dnia: 01.08.2023 r. (wtorek) o godz. 16:30 &#8211; spotkanie\u00a0stacjonarne w budynku \u017c\u0142obka dla rodzic\u00f3w dzieci z nowych grup I i [&hellip;]<\/p>\n","protected":false},"author":3,"featured_media":0,"parent":0,"menu_order":0,"comment_status":"closed","ping_status":"closed","template":"","meta":{"footnotes":""},"class_list":["post-125","page","type-page","status-publish","hentry"],"_links":{"self":[{"href":"https:\/\/zlobek-zielonyzakatek.olawa.eu\/index.php\/wp-json\/wp\/v2\/pages\/125","targetHints":{"allow":["GET"]}}],"collection":[{"href":"https:\/\/zlobek-zielonyzakatek.olawa.eu\/index.php\/wp-json\/wp\/v2\/pages"}],"about":[{"href":"https:\/\/zlobek-zielonyzakatek.olawa.eu\/index.php\/wp-json\/wp\/v2\/types\/page"}],"author":[{"embeddable":true,"href":"https:\/\/zlobek-zielonyzakatek.olawa.eu\/index.php\/wp-json\/wp\/v2\/users\/3"}],"replies":[{"embeddable":true,"href":"https:\/\/zlobek-zielonyzakatek.olawa.eu\/index.php\/wp-json\/wp\/v2\/comments?post=125"}],"version-history":[{"count":12,"href":"https:\/\/zlobek-zielonyzakatek.olawa.eu\/index.php\/wp-json\/wp\/v2\/pages\/125\/revisions"}],"predecessor-version":[{"id":592,"href":"https:\/\/zlobek-zielonyzakatek.olawa.eu\/index.php\/wp-json\/wp\/v2\/pages\/125\/revisions\/592"}],"wp:attachment":[{"href":"https:\/\/zlobek-zielonyzakatek.olawa.eu\/index.php\/wp-json\/wp\/v2\/media?parent=125"}],"curies":[{"name":"wp","href":"https:\/\/api.w.org\/{rel}","templated":true}]}}