{"id":110,"date":"2021-09-27T09:47:38","date_gmt":"2021-09-27T07:47:38","guid":{"rendered":"http:\/\/zlobek-zielonyzakatek.olawa.eu\/?page_id=110"},"modified":"2024-12-17T12:33:08","modified_gmt":"2024-12-17T11:33:08","slug":"rodo","status":"publish","type":"page","link":"https:\/\/zlobek-zielonyzakatek.olawa.eu\/index.php\/rodo\/","title":{"rendered":"RODO"},"content":{"rendered":"\n\n\t<b>Klauzula informacyjna<\/b>\nZgodnie z art. 13 ust. 1 og\u00f3lnego rozporz\u0105dzenia o ochronie danych osobowych z dnia<br \/>\n27 kwietnia 2016 r. informuje si\u0119, \u017ce:\n<ol>\n<li>\u017b\u0142obek Miejski &#8222;Zielony Zak\u0105tek&#8221; z siedzib\u0105 ul. 1 Maja 33B, 55-200 O\u0142awa, dla kt\u00f3rego organem prowadz\u0105cym jest Gmina Miejska O\u0142awa, reprezentowany przez &#8211; Dyrektora Plac\u00f3wki, zwany jest dalej Administratorem, kt\u00f3ry prowadzi operacje przetwarzania danych osobowych.<\/li>\n<li>Kontakt z Inspektorem Ochrony Danych: tel. 797\u00a0040\u00a0062, mail: <u><a href=\"mailto:rodo@lege.olawa.pl\"><b>rodo@lege.olawa.pl<\/b><\/a><\/u> <\/li>\n<li>Dane osobowe uczni\u00f3w (rodzic\u00f3w\/opiekun\u00f3w prawnych), nauczycieli, opiekun\u00f3w<br \/>\ni pozosta\u0142ych pracownik\u00f3w oraz innych os\u00f3b wsp\u00f3\u0142pracuj\u0105cych, przetwarzane b\u0119d\u0105 na podstawie art. 6 ust. 1 lit. a) RODO, tj. zgody wyra\u017conej przez osob\u0119 kt\u00f3rej dane dotycz\u0105 oraz art. 6 ust. 1 lit. c) RODO, tj. w zakresie niezb\u0119dnym do wype\u0142nienia obowi\u0105zku prawnego ci\u0105\u017c\u0105cego na Administratorze, a wynikaj\u0105cym z ustawy o systemie o\u015bwiaty z dnia 7 wrze\u015bnia 1991 r., ustawy Prawo o\u015bwiatowe z dnia 14 grudnia 2016 r., rozporz\u0105dzenia Ministra Edukacji Narodowej z dnia 25 sierpnia 2017 r. w sprawie sposobu prowadzenia przez publiczne przedszkola, szko\u0142y i plac\u00f3wki dokumentacji przebiegu nauczania, dzia\u0142alno\u015bci wychowawczej i opieku\u0144czej oraz rodzaj\u00f3w tej dokumentacji.<\/li>\n<li>Dane osobowe uczni\u00f3w (rodzic\u00f3w\/opiekun\u00f3w prawnych), nauczycieli, opiekun\u00f3w<br \/>\ni pozosta\u0142ych pracownik\u00f3w oraz innych os\u00f3b wsp\u00f3\u0142pracuj\u0105cych, b\u0119d\u0105 przechowywane do zako\u0144czenia okresu, w kt\u00f3rym ucze\u0144 korzysta z wychowania w szkole (art. 160 ust. 1 ustawy z dnia 14 grudnia 2016 roku &#8211; Prawo O\u015bwiatowe), a dane pozosta\u0142ych os\u00f3b do zako\u0144czenia obowi\u0105zku prawnego, na podstawie kt\u00f3rego s\u0105 przetwarzane. <\/li>\n<li>Dane osobowe uczni\u00f3w (rodzic\u00f3w\/opiekun\u00f3w prawnych), nauczycieli i pozosta\u0142ych pracownik\u00f3w oraz innych os\u00f3b wsp\u00f3\u0142pracuj\u0105cych, nie b\u0119d\u0105 udost\u0119pniane odbiorcom innym ni\u017c upowa\u017cnione na podstawie ww. przepis\u00f3w prawa.<\/li>\n<li>Odbiorc\u0105 danych osobowych b\u0119d\u0105: Urz\u0105d Miasta w O\u0142awie, Kuratorium O\u015bwiaty we Wroc\u0142awiu, Okr\u0119gowa Komisja Egzaminacyjna we Wroc\u0142awiu, Ministerstwo Edukacji Narodowej, Zesp\u00f3\u0142 Obs\u0142ugi Szk\u00f3\u0142 i Plac\u00f3wek Opieku\u0144czo Wychowawczych w O\u0142awie.<\/li>\n<li>Dane osobowe uczni\u00f3w (rodzic\u00f3w\/opiekun\u00f3w prawnych), nauczycieli, opiekun\u00f3w<br \/>\ni pozosta\u0142ych pracownik\u00f3w oraz innych os\u00f3b wsp\u00f3\u0142pracuj\u0105cych nie podlegaj\u0105 zautomatyzowanemu podejmowaniu decyzji, w tym profilowaniu<\/li>\n<li>Osoba kt\u00f3rej dane s\u0105 przetwarzane posiada prawo do:\n<ul>\n<li>\u017c\u0105dania od Administratora dost\u0119pu do swoich danych osobowych, ich sprostowania, usuni\u0119cia lub ograniczenia przetwarzania danych osobowych,<\/li>\n<li>przenoszenia danych,<\/li>\n<li>wniesienia sprzeciwu, <\/li>\n<li>wniesienia skargi do organu nadzorczego, gdy uzna, i\u017c przetwarzanie danych osobowych jej dotycz\u0105cych narusza przepisy og\u00f3lnego Rozporz\u0105dzenia o ochronie danych osobowych z dnia 27 kwietnia 2016 r.,<\/li>\n<li>cofni\u0119cia zgody na przetwarzanie danych osobowych w dowolnym momencie bez wp\u0142ywu na zgodno\u015b\u0107 z prawem przetwarzania.<\/li>\n<\/ul>\n<\/li>\n<\/ol>\n\n","protected":false},"excerpt":{"rendered":"<p>Klauzula informacyjna Zgodnie z art. 13 ust. 1 og\u00f3lnego rozporz\u0105dzenia o ochronie danych osobowych z dnia 27 kwietnia 2016 r. informuje si\u0119, \u017ce: \u017b\u0142obek Miejski [&hellip;]<\/p>\n","protected":false},"author":3,"featured_media":0,"parent":0,"menu_order":0,"comment_status":"closed","ping_status":"closed","template":"","meta":{"footnotes":""},"class_list":["post-110","page","type-page","status-publish","hentry"],"_links":{"self":[{"href":"https:\/\/zlobek-zielonyzakatek.olawa.eu\/index.php\/wp-json\/wp\/v2\/pages\/110","targetHints":{"allow":["GET"]}}],"collection":[{"href":"https:\/\/zlobek-zielonyzakatek.olawa.eu\/index.php\/wp-json\/wp\/v2\/pages"}],"about":[{"href":"https:\/\/zlobek-zielonyzakatek.olawa.eu\/index.php\/wp-json\/wp\/v2\/types\/page"}],"author":[{"embeddable":true,"href":"https:\/\/zlobek-zielonyzakatek.olawa.eu\/index.php\/wp-json\/wp\/v2\/users\/3"}],"replies":[{"embeddable":true,"href":"https:\/\/zlobek-zielonyzakatek.olawa.eu\/index.php\/wp-json\/wp\/v2\/comments?post=110"}],"version-history":[{"count":3,"href":"https:\/\/zlobek-zielonyzakatek.olawa.eu\/index.php\/wp-json\/wp\/v2\/pages\/110\/revisions"}],"predecessor-version":[{"id":603,"href":"https:\/\/zlobek-zielonyzakatek.olawa.eu\/index.php\/wp-json\/wp\/v2\/pages\/110\/revisions\/603"}],"wp:attachment":[{"href":"https:\/\/zlobek-zielonyzakatek.olawa.eu\/index.php\/wp-json\/wp\/v2\/media?parent=110"}],"curies":[{"name":"wp","href":"https:\/\/api.w.org\/{rel}","templated":true}]}}